{"id":149,"date":"2022-05-27T14:30:17","date_gmt":"2022-05-27T14:30:17","guid":{"rendered":"https:\/\/www.artinoisterwijk.com\/en\/?page_id=149"},"modified":"2022-05-30T08:20:58","modified_gmt":"2022-05-30T08:20:58","slug":"guns-1992","status":"publish","type":"page","link":"https:\/\/www.artinoisterwijk.com\/en\/guns-1992\/","title":{"rendered":"Guns 1992"},"content":{"rendered":"<div id='av_section_1'  class='avia-section av-21rf0t-25ec13489082866f0be45ff7a4cc71d7 main_color avia-section-default avia-no-border-styling  avia-builder-el-0  el_before_av_section  avia-builder-el-first  kj-kunstenaars avia-bg-style-scroll container_wrap sidebar_right'  ><div class='container av-section-cont-open' ><main  role=\"main\" itemprop=\"mainContentOfPage\"  class='template-page content  av-content-small alpha units'><div class='post-entry post-entry-type-page post-entry-149'><div class='entry-content-wrapper clearfix'>\n\n<style type=\"text\/css\" data-created_by=\"avia_inline_auto\" id=\"style-css-av-1u5pml-bcb3113a0a3e0b2edd51e9d65cd2724b\">\n#top .hr.hr-invisible.av-1u5pml-bcb3113a0a3e0b2edd51e9d65cd2724b{\nheight:50px;\n}\n<\/style>\n<div  class='hr av-1u5pml-bcb3113a0a3e0b2edd51e9d65cd2724b hr-invisible  avia-builder-el-1  el_before_av_three_fifth  avia-builder-el-first '><span class='hr-inner '><span class=\"hr-inner-style\"><\/span><\/span><\/div>\n<div  class='flex_column av-1ph79p-4fa9e9fbbbb54b8af5fcfc99d256cc94 av_three_fifth  avia-builder-el-2  el_after_av_hr  el_before_av_two_fifth  first flex_column_div av-animated-generic bottom-to-top  '     ><style type=\"text\/css\" data-created_by=\"avia_inline_auto\" id=\"style-css-av-1kcw8l-56539a899730e1553ca28aa0616458cd\">\n.avia-image-container.av-1kcw8l-56539a899730e1553ca28aa0616458cd img.avia_image{\nbox-shadow:none;\n}\n.avia-image-container.av-1kcw8l-56539a899730e1553ca28aa0616458cd .av-image-caption-overlay-center{\ncolor:#ffffff;\n}\n<\/style>\n<div  class='avia-image-container av-1kcw8l-56539a899730e1553ca28aa0616458cd av-styling-no-styling avia-align-center  avia-builder-el-3  avia-builder-el-no-sibling  kj-img-border-bottom-left'   itemprop=\"image\" itemscope=\"itemscope\" itemtype=\"https:\/\/schema.org\/ImageObject\" ><div class=\"avia-image-container-inner\"><div class=\"avia-image-overlay-wrap\"><img decoding=\"async\" fetchpriority=\"high\" class='wp-image-116 avia-img-lazy-loading-not-116 avia_image ' src=\"https:\/\/www.artinoisterwijk.com\/en\/wp-content\/uploads\/sites\/2\/2022\/05\/guns-david-cerny.jpeg\" alt='' title='guns-david-cerny'  height=\"750\" width=\"1000\"  itemprop=\"thumbnailUrl\" srcset=\"https:\/\/www.artinoisterwijk.com\/en\/wp-content\/uploads\/sites\/2\/2022\/05\/guns-david-cerny.jpeg 1000w, https:\/\/www.artinoisterwijk.com\/en\/wp-content\/uploads\/sites\/2\/2022\/05\/guns-david-cerny-300x225.jpeg 300w, https:\/\/www.artinoisterwijk.com\/en\/wp-content\/uploads\/sites\/2\/2022\/05\/guns-david-cerny-768x576.jpeg 768w, https:\/\/www.artinoisterwijk.com\/en\/wp-content\/uploads\/sites\/2\/2022\/05\/guns-david-cerny-705x529.jpeg 705w\" sizes=\"(max-width: 1000px) 100vw, 1000px\" \/><\/div><\/div><\/div><\/div>\n<style type=\"text\/css\" data-created_by=\"avia_inline_auto\" id=\"style-css-av-1cbded-89dcd570a17e7a361462171edcca623e\">\n.flex_column.av-1cbded-89dcd570a17e7a361462171edcca623e{\npadding:25px 25px 25px 25px;\nbackground-color:#ffffff;\n}\n<\/style>\n<div  class='flex_column av-1cbded-89dcd570a17e7a361462171edcca623e av_two_fifth  avia-builder-el-4  el_after_av_three_fifth  avia-builder-el-last  flex_column_div av-animated-generic bottom-to-top  '     ><section  class='av_textblock_section av-l3a7qzrx-7c1231638d620ab668c5ed50c52866de '   itemscope=\"itemscope\" itemtype=\"https:\/\/schema.org\/CreativeWork\" ><div class='avia_textblock'  itemprop=\"text\" ><h1>Guns 1992<\/h1>\n<\/div><\/section><br \/>\n\n<style type=\"text\/css\" data-created_by=\"avia_inline_auto\" id=\"style-css-av-17t8z9-c6a273b2cc7714220f906336ff00b86f\">\n#top .av_textblock_section.av-17t8z9-c6a273b2cc7714220f906336ff00b86f .avia_textblock{\nfont-size:30px;\ncolor:#000000;\n}\n<\/style>\n<section  class='av_textblock_section av-17t8z9-c6a273b2cc7714220f906336ff00b86f '   itemscope=\"itemscope\" itemtype=\"https:\/\/schema.org\/CreativeWork\" ><div class='avia_textblock kj-uitgelicht av_inherit_color'  itemprop=\"text\" ><p><strong>David \u010cern\u00fd<\/strong><\/p>\n<\/div><\/section><br \/>\n\n<style type=\"text\/css\" data-created_by=\"avia_inline_auto\" id=\"style-css-av-13zkyl-fd14e592390a84626b563734289af5f2\">\n#top .av_textblock_section.av-13zkyl-fd14e592390a84626b563734289af5f2 .avia_textblock{\ncolor:#333333;\n}\n<\/style>\n<section  class='av_textblock_section av-13zkyl-fd14e592390a84626b563734289af5f2 '   itemscope=\"itemscope\" itemtype=\"https:\/\/schema.org\/CreativeWork\" ><div class='avia_textblock av_inherit_color'  itemprop=\"text\" ><p style=\"font-weight: 400;\">optical fiber<\/p>\n<p style=\"font-weight: 400;\">Born and raised in former Czechoslovakia, David \u010cern\u00fd knows better than anyone what oppression means. With the fall of the Iron Curtain, a radical metamorphosis took also place in his birthplace Prague where he still lives. \u010cern\u00fd himself says he is not a political animal, yet his artwork, unvarnished and confrontational, has everything to do with the truth of the day. Even his older works are more current than ever and clearly show that although time changes, the human brain does not.<\/p>\n<p style=\"font-weight: 400;\">\u010cern\u00fd masters the art of balancing controversy and humor like no other. The statue &#8216;Guns&#8217; from 1994 is a good example of this. Four huge black guns, hanging opposite each other, make all kinds of noises except shooting noises. It was first installed in the World Trade Center in New York. &#8216;Guns&#8217; is also a figurative explosive work. \u010cern\u00fd criticizes the world in his own way and forces you to always think with a smile.<\/p>\n<\/div><\/section><br \/>\n\n<style type=\"text\/css\" data-created_by=\"avia_inline_auto\" id=\"style-css-av-xmjl9-278c3da6ab29a6a46fddee4427585236\">\n#top .avia-icon-list-container.av-xmjl9-278c3da6ab29a6a46fddee4427585236 .iconlist_icon{\ncolor:#ffffff;\nbackground-color:#eb008b;\n}\n#top .avia-icon-list-container.av-xmjl9-278c3da6ab29a6a46fddee4427585236 .iconlist_icon svg:first-child{\nstroke:#ffffff;\nfill:#ffffff;\n}\n#top #wrap_all .avia-icon-list-container.av-xmjl9-278c3da6ab29a6a46fddee4427585236 .av_iconlist_title{\nfont-size:18px;\ncolor:#333333;\n}\n.avia-icon-list-container.av-xmjl9-278c3da6ab29a6a46fddee4427585236 .iconlist_content{\ncolor:#333333;\n}\n<\/style>\n<div  class='avia-icon-list-container av-xmjl9-278c3da6ab29a6a46fddee4427585236  avia-builder-el-8  el_after_av_textblock  avia-builder-el-last '><ul class='avia-icon-list avia_animate_when_almost_visible avia-icon-list-left av-iconlist-big av-xmjl9-278c3da6ab29a6a46fddee4427585236 avia-iconlist-animate'>\n<li><div class='iconlist_icon av-sy18d-b53f0236530ec39247ba4568af5375c8 avia-font-entypo-fontello avia-iconfont avia-font-entypo-fontello'><span class='av-icon-char' data-av_icon='\ue842' data-av_iconfont='entypo-fontello' aria-hidden=\"true\"><\/span><\/div><article class=\"article-icon-entry av-iconlist-empty\"  itemscope=\"itemscope\" itemtype=\"https:\/\/schema.org\/CreativeWork\" ><div class=\"iconlist_content_wrap\"><header class=\"entry-content-header\" aria-label=\"Icon: CZ\"><h4 class='av_iconlist_title iconlist_title  av_inherit_color'  itemprop=\"headline\" >CZ<\/h4><\/header><div class='iconlist_content av_inherit_color'  itemprop=\"text\" ><\/div><\/div><footer class=\"entry-footer\"><\/footer><\/article><div class=\"iconlist-timeline\"><\/div><\/li>\n<li><div class='iconlist_icon av-kt2xp-9ae8cf07b0614f6e825e5c2553b8ce09 avia-font-entypo-fontello avia-iconfont avia-font-entypo-fontello'><span class='av-icon-char' data-av_icon='' data-av_iconfont='entypo-fontello' aria-hidden=\"true\"><\/span><\/div><article class=\"article-icon-entry av-iconlist-empty\"  itemscope=\"itemscope\" itemtype=\"https:\/\/schema.org\/CreativeWork\" ><div class=\"iconlist_content_wrap\"><header class=\"entry-content-header\" aria-label=\"Icon: &lt;a href=&#039;http:\/\/www.davidcerny.cz\/startEN.html&#039; title=&#039;CV David \u010cern\u00fd&#039; target=&quot;_blank&quot;  rel=&quot;noopener noreferrer&quot;&gt;CV David \u010cern\u00fd&lt;\/a&gt;\"><h4 class='av_iconlist_title iconlist_title  av_inherit_color'  itemprop=\"headline\" ><a href='http:\/\/www.davidcerny.cz\/startEN.html' title='CV David \u010cern\u00fd' target=\"_blank\"  rel=\"noopener noreferrer\">CV David \u010cern\u00fd<\/a><\/h4><\/header><div class='iconlist_content av_inherit_color'  itemprop=\"text\" ><\/div><\/div><footer class=\"entry-footer\"><\/footer><\/article><div class=\"iconlist-timeline\"><\/div><\/li>\n<\/ul><\/div><\/p><\/div><\/div><\/div><\/main><!-- close content main element --><\/div><\/div><div id='av_section_2'  class='avia-section av-g8019-acaa0603f7c48de7d9d3f5c3a748550a main_color avia-section-default avia-no-border-styling  avia-builder-el-9  el_after_av_section  avia-builder-el-last  avia-bg-style-scroll container_wrap sidebar_right'  ><div class='container av-section-cont-open' ><div class='template-page content  av-content-small alpha units'><div class='post-entry post-entry-type-page post-entry-149'><div class='entry-content-wrapper clearfix'>\n\n<style type=\"text\/css\" data-created_by=\"avia_inline_auto\" id=\"style-css-av-955nh-bd1995709441bd1782df9a268f250854\">\n#top .hr.hr-invisible.av-955nh-bd1995709441bd1782df9a268f250854{\nheight:150px;\n}\n<\/style>\n<div  class='hr av-955nh-bd1995709441bd1782df9a268f250854 hr-invisible  avia-builder-el-10  avia-builder-el-no-sibling '><span class='hr-inner '><span class=\"hr-inner-style\"><\/span><\/span><\/div>\n<\/div><\/div><\/div><!-- close content main div --><\/div><\/div><div id='after_section_2'  class='main_color av_default_container_wrap container_wrap sidebar_right'  ><div class='container av-section-cont-open' ><div class='template-page content  av-content-small alpha units'><div class='post-entry post-entry-type-page post-entry-149'><div class='entry-content-wrapper clearfix'><\/p>\n","protected":false},"excerpt":{"rendered":"","protected":false},"author":9,"featured_media":0,"parent":0,"menu_order":0,"comment_status":"closed","ping_status":"closed","template":"","meta":{"footnotes":""},"class_list":["post-149","page","type-page","status-publish","hentry"],"yoast_head":"<!-- This site is optimized with the Yoast SEO plugin v27.5 - https:\/\/yoast.com\/product\/yoast-seo-wordpress\/ -->\n<title>Guns 1992 - Art in Oisterwijk<\/title>\n<meta name=\"robots\" content=\"noindex, follow, max-snippet:-1, max-image-preview:large, max-video-preview:-1\" \/>\n<meta property=\"og:locale\" content=\"en_US\" \/>\n<meta property=\"og:type\" content=\"article\" \/>\n<meta property=\"og:title\" content=\"Guns 1992 - Art in Oisterwijk\" \/>\n<meta property=\"og:url\" content=\"https:\/\/www.artinoisterwijk.com\/en\/guns-1992\/\" \/>\n<meta property=\"og:site_name\" content=\"Art in Oisterwijk\" \/>\n<meta property=\"article:modified_time\" content=\"2022-05-30T08:20:58+00:00\" \/>\n<meta name=\"twitter:card\" content=\"summary_large_image\" \/>\n<script type=\"application\/ld+json\" class=\"yoast-schema-graph\">{\"@context\":\"https:\\\/\\\/schema.org\",\"@graph\":[{\"@type\":\"WebPage\",\"@id\":\"https:\\\/\\\/www.artinoisterwijk.com\\\/en\\\/guns-1992\\\/\",\"url\":\"https:\\\/\\\/www.artinoisterwijk.com\\\/en\\\/guns-1992\\\/\",\"name\":\"Guns 1992 - Art in Oisterwijk\",\"isPartOf\":{\"@id\":\"https:\\\/\\\/www.artinoisterwijk.com\\\/en\\\/#website\"},\"datePublished\":\"2022-05-27T14:30:17+00:00\",\"dateModified\":\"2022-05-30T08:20:58+00:00\",\"breadcrumb\":{\"@id\":\"https:\\\/\\\/www.artinoisterwijk.com\\\/en\\\/guns-1992\\\/#breadcrumb\"},\"inLanguage\":\"en-US\",\"potentialAction\":[{\"@type\":\"ReadAction\",\"target\":[\"https:\\\/\\\/www.artinoisterwijk.com\\\/en\\\/guns-1992\\\/\"]}]},{\"@type\":\"BreadcrumbList\",\"@id\":\"https:\\\/\\\/www.artinoisterwijk.com\\\/en\\\/guns-1992\\\/#breadcrumb\",\"itemListElement\":[{\"@type\":\"ListItem\",\"position\":1,\"name\":\"Home\",\"item\":\"https:\\\/\\\/www.artinoisterwijk.com\\\/en\\\/\"},{\"@type\":\"ListItem\",\"position\":2,\"name\":\"Guns 1992\"}]},{\"@type\":\"WebSite\",\"@id\":\"https:\\\/\\\/www.artinoisterwijk.com\\\/en\\\/#website\",\"url\":\"https:\\\/\\\/www.artinoisterwijk.com\\\/en\\\/\",\"name\":\"Art in Oisterwijk\",\"description\":\"3 To 26 June 2022\",\"potentialAction\":[{\"@type\":\"SearchAction\",\"target\":{\"@type\":\"EntryPoint\",\"urlTemplate\":\"https:\\\/\\\/www.artinoisterwijk.com\\\/en\\\/?s={search_term_string}\"},\"query-input\":{\"@type\":\"PropertyValueSpecification\",\"valueRequired\":true,\"valueName\":\"search_term_string\"}}],\"inLanguage\":\"en-US\"}]}<\/script>\n<!-- \/ Yoast SEO plugin. -->","yoast_head_json":{"title":"Guns 1992 - Art in Oisterwijk","robots":{"index":"noindex","follow":"follow","max-snippet":"max-snippet:-1","max-image-preview":"max-image-preview:large","max-video-preview":"max-video-preview:-1"},"og_locale":"en_US","og_type":"article","og_title":"Guns 1992 - Art in Oisterwijk","og_url":"https:\/\/www.artinoisterwijk.com\/en\/guns-1992\/","og_site_name":"Art in Oisterwijk","article_modified_time":"2022-05-30T08:20:58+00:00","twitter_card":"summary_large_image","schema":{"@context":"https:\/\/schema.org","@graph":[{"@type":"WebPage","@id":"https:\/\/www.artinoisterwijk.com\/en\/guns-1992\/","url":"https:\/\/www.artinoisterwijk.com\/en\/guns-1992\/","name":"Guns 1992 - Art in Oisterwijk","isPartOf":{"@id":"https:\/\/www.artinoisterwijk.com\/en\/#website"},"datePublished":"2022-05-27T14:30:17+00:00","dateModified":"2022-05-30T08:20:58+00:00","breadcrumb":{"@id":"https:\/\/www.artinoisterwijk.com\/en\/guns-1992\/#breadcrumb"},"inLanguage":"en-US","potentialAction":[{"@type":"ReadAction","target":["https:\/\/www.artinoisterwijk.com\/en\/guns-1992\/"]}]},{"@type":"BreadcrumbList","@id":"https:\/\/www.artinoisterwijk.com\/en\/guns-1992\/#breadcrumb","itemListElement":[{"@type":"ListItem","position":1,"name":"Home","item":"https:\/\/www.artinoisterwijk.com\/en\/"},{"@type":"ListItem","position":2,"name":"Guns 1992"}]},{"@type":"WebSite","@id":"https:\/\/www.artinoisterwijk.com\/en\/#website","url":"https:\/\/www.artinoisterwijk.com\/en\/","name":"Art in Oisterwijk","description":"3 To 26 June 2022","potentialAction":[{"@type":"SearchAction","target":{"@type":"EntryPoint","urlTemplate":"https:\/\/www.artinoisterwijk.com\/en\/?s={search_term_string}"},"query-input":{"@type":"PropertyValueSpecification","valueRequired":true,"valueName":"search_term_string"}}],"inLanguage":"en-US"}]}},"_links":{"self":[{"href":"https:\/\/www.artinoisterwijk.com\/en\/wp-json\/wp\/v2\/pages\/149","targetHints":{"allow":["GET"]}}],"collection":[{"href":"https:\/\/www.artinoisterwijk.com\/en\/wp-json\/wp\/v2\/pages"}],"about":[{"href":"https:\/\/www.artinoisterwijk.com\/en\/wp-json\/wp\/v2\/types\/page"}],"author":[{"embeddable":true,"href":"https:\/\/www.artinoisterwijk.com\/en\/wp-json\/wp\/v2\/users\/9"}],"replies":[{"embeddable":true,"href":"https:\/\/www.artinoisterwijk.com\/en\/wp-json\/wp\/v2\/comments?post=149"}],"version-history":[{"count":5,"href":"https:\/\/www.artinoisterwijk.com\/en\/wp-json\/wp\/v2\/pages\/149\/revisions"}],"predecessor-version":[{"id":536,"href":"https:\/\/www.artinoisterwijk.com\/en\/wp-json\/wp\/v2\/pages\/149\/revisions\/536"}],"wp:attachment":[{"href":"https:\/\/www.artinoisterwijk.com\/en\/wp-json\/wp\/v2\/media?parent=149"}],"curies":[{"name":"wp","href":"https:\/\/api.w.org\/{rel}","templated":true}]}}