{"id":153,"date":"2022-05-27T14:52:45","date_gmt":"2022-05-27T14:52:45","guid":{"rendered":"https:\/\/www.artinoisterwijk.com\/en\/?page_id=153"},"modified":"2022-05-30T08:21:47","modified_gmt":"2022-05-30T08:21:47","slug":"man-hanging-out-1997","status":"publish","type":"page","link":"https:\/\/www.artinoisterwijk.com\/en\/man-hanging-out-1997\/","title":{"rendered":"Man hanging Out 1997"},"content":{"rendered":"<div id='av_section_1'  class='avia-section av-20awld-359f4bfff0e9e5ffacdd690becd07b27 main_color avia-section-default avia-no-border-styling  avia-builder-el-0  el_before_av_section  avia-builder-el-first  kj-kunstenaars avia-bg-style-scroll container_wrap sidebar_right'  ><div class='container av-section-cont-open' ><main  role=\"main\" itemprop=\"mainContentOfPage\"  class='template-page content  av-content-small alpha units'><div class='post-entry post-entry-type-page post-entry-153'><div class='entry-content-wrapper clearfix'>\n\n<style type=\"text\/css\" data-created_by=\"avia_inline_auto\" id=\"style-css-av-1yh9xt-f5b9cb71e7653c2a3640663bb6e7f340\">\n#top .hr.hr-invisible.av-1yh9xt-f5b9cb71e7653c2a3640663bb6e7f340{\nheight:50px;\n}\n<\/style>\n<div  class='hr av-1yh9xt-f5b9cb71e7653c2a3640663bb6e7f340 hr-invisible  avia-builder-el-1  el_before_av_three_fifth  avia-builder-el-first '><span class='hr-inner '><span class=\"hr-inner-style\"><\/span><\/span><\/div>\n<div  class='flex_column av-1qp0fl-ab8dd23c828b598ae63739faf69d7d00 av_three_fifth  avia-builder-el-2  el_after_av_hr  el_before_av_two_fifth  first flex_column_div av-animated-generic bottom-to-top  '     ><style type=\"text\/css\" data-created_by=\"avia_inline_auto\" id=\"style-css-av-1jvg5l-6230e3272a6906783098e41c2ad8b41d\">\n.avia-image-container.av-1jvg5l-6230e3272a6906783098e41c2ad8b41d img.avia_image{\nbox-shadow:none;\n}\n.avia-image-container.av-1jvg5l-6230e3272a6906783098e41c2ad8b41d .av-image-caption-overlay-center{\ncolor:#ffffff;\n}\n<\/style>\n<div  class='avia-image-container av-1jvg5l-6230e3272a6906783098e41c2ad8b41d av-styling-no-styling avia-align-left  avia-builder-el-3  avia-builder-el-no-sibling  kj-img-border-bottom-left'   itemprop=\"image\" itemscope=\"itemscope\" itemtype=\"https:\/\/schema.org\/ImageObject\" ><div class=\"avia-image-container-inner\"><div class=\"avia-image-overlay-wrap\"><img decoding=\"async\" fetchpriority=\"high\" class='wp-image-23 avia-img-lazy-loading-not-23 avia_image ' src=\"https:\/\/www.artinoisterwijk.com\/en\/wp-content\/uploads\/sites\/2\/2022\/04\/man-hanging-out-Cerny.jpg\" alt='' title='man-hanging-out-Cerny'  height=\"800\" width=\"683\"  itemprop=\"thumbnailUrl\" srcset=\"https:\/\/www.artinoisterwijk.com\/en\/wp-content\/uploads\/sites\/2\/2022\/04\/man-hanging-out-Cerny.jpg 683w, https:\/\/www.artinoisterwijk.com\/en\/wp-content\/uploads\/sites\/2\/2022\/04\/man-hanging-out-Cerny-256x300.jpg 256w, https:\/\/www.artinoisterwijk.com\/en\/wp-content\/uploads\/sites\/2\/2022\/04\/man-hanging-out-Cerny-602x705.jpg 602w\" sizes=\"(max-width: 683px) 100vw, 683px\" \/><\/div><\/div><\/div><\/div>\n<style type=\"text\/css\" data-created_by=\"avia_inline_auto\" id=\"style-css-av-1ftm5l-b96b92465e93e60f260775a28132ee91\">\n.flex_column.av-1ftm5l-b96b92465e93e60f260775a28132ee91{\npadding:25px 25px 25px 25px;\nbackground-color:#ffffff;\n}\n<\/style>\n<div  class='flex_column av-1ftm5l-b96b92465e93e60f260775a28132ee91 av_two_fifth  avia-builder-el-4  el_after_av_three_fifth  avia-builder-el-last  flex_column_div av-animated-generic bottom-to-top  '     ><section  class='av_textblock_section av-l3a7s9vk-3dafbc3f106188b991e8908150cc64bf '   itemscope=\"itemscope\" itemtype=\"https:\/\/schema.org\/CreativeWork\" ><div class='avia_textblock'  itemprop=\"text\" ><h1>Man hanging Out 1997<\/h1>\n<\/div><\/section><br \/>\n\n<style type=\"text\/css\" data-created_by=\"avia_inline_auto\" id=\"style-css-av-176ohd-65aad63bfc7cd01fa8bf72a6b10c44b9\">\n#top .av_textblock_section.av-176ohd-65aad63bfc7cd01fa8bf72a6b10c44b9 .avia_textblock{\nfont-size:30px;\ncolor:#000000;\n}\n<\/style>\n<section  class='av_textblock_section av-176ohd-65aad63bfc7cd01fa8bf72a6b10c44b9 '   itemscope=\"itemscope\" itemtype=\"https:\/\/schema.org\/CreativeWork\" ><div class='avia_textblock kj-uitgelicht av_inherit_color'  itemprop=\"text\" ><h3><b>David \u010cern\u00fd<\/b><\/h3>\n<\/div><\/section><br \/>\n\n<style type=\"text\/css\" data-created_by=\"avia_inline_auto\" id=\"style-css-av-124bo1-1ffa97e1afcf4a007b3bf33e6b0903be\">\n#top .av_textblock_section.av-124bo1-1ffa97e1afcf4a007b3bf33e6b0903be .avia_textblock{\ncolor:#333333;\n}\n<\/style>\n<section  class='av_textblock_section av-124bo1-1ffa97e1afcf4a007b3bf33e6b0903be '   itemscope=\"itemscope\" itemtype=\"https:\/\/schema.org\/CreativeWork\" ><div class='avia_textblock av_inherit_color'  itemprop=\"text\" ><p style=\"font-weight: 400;\"><em>optical fiber<\/em><\/p>\n<p style=\"font-weight: 400;\">Above the Lind, a street with a distant historical past, a man dangles from a pole high above unsuspecting passers-by. Everyday life in Oisterwijk seems to go on as usual. If you look closely at the man &#8211; his hand in his pocket, a striking head with a hanging mustache, a pointy beard, and round glasses on his nose &#8211; you can see that this is unmistakably Sigmund Freud. One of the most influential psychologists and thinkers of the 20th century. He hangs there in complete despair. With this work of art, dating from 1997, \u010cern\u00fd raises the question: \u201c<em>What role is there for intellectuals in the 21st<\/em> <em>century?<\/em>\u201d A piercing question aimed at the political elite, and placed in this day and age it still shows evident achievements can no longer be taken for granted.<\/p>\n<\/div><\/section><br \/>\n\n<style type=\"text\/css\" data-created_by=\"avia_inline_auto\" id=\"style-css-av-zh7a9-82cc4a7410322b7cb1d91aab9d1af1d0\">\n#top .avia-icon-list-container.av-zh7a9-82cc4a7410322b7cb1d91aab9d1af1d0 .iconlist_icon{\ncolor:#ffffff;\nbackground-color:#eb008b;\n}\n#top .avia-icon-list-container.av-zh7a9-82cc4a7410322b7cb1d91aab9d1af1d0 .iconlist_icon svg:first-child{\nstroke:#ffffff;\nfill:#ffffff;\n}\n#top #wrap_all .avia-icon-list-container.av-zh7a9-82cc4a7410322b7cb1d91aab9d1af1d0 .av_iconlist_title{\nfont-size:18px;\ncolor:#333333;\n}\n.avia-icon-list-container.av-zh7a9-82cc4a7410322b7cb1d91aab9d1af1d0 .iconlist_content{\ncolor:#333333;\n}\n<\/style>\n<div  class='avia-icon-list-container av-zh7a9-82cc4a7410322b7cb1d91aab9d1af1d0  avia-builder-el-8  el_after_av_textblock  avia-builder-el-last '><ul class='avia-icon-list avia_animate_when_almost_visible avia-icon-list-left av-iconlist-big av-zh7a9-82cc4a7410322b7cb1d91aab9d1af1d0 avia-iconlist-animate'>\n<li><div class='iconlist_icon av-ajqx-8f369c38ef783c9e10715e3d0c7a8095 avia-font-entypo-fontello avia-iconfont avia-font-entypo-fontello'><span class='av-icon-char' data-av_icon='\ue842' data-av_iconfont='entypo-fontello' aria-hidden=\"true\"><\/span><\/div><article class=\"article-icon-entry av-iconlist-empty\"  itemscope=\"itemscope\" itemtype=\"https:\/\/schema.org\/CreativeWork\" ><div class=\"iconlist_content_wrap\"><header class=\"entry-content-header\" aria-label=\"Icon: CZ\"><h4 class='av_iconlist_title iconlist_title  av_inherit_color'  itemprop=\"headline\" >CZ<\/h4><\/header><div class='iconlist_content av_inherit_color'  itemprop=\"text\" ><\/div><\/div><footer class=\"entry-footer\"><\/footer><\/article><div class=\"iconlist-timeline\"><\/div><\/li>\n<li><div class='iconlist_icon av-mnz49-4225bf92680a1108cb12c2fb040da3cd avia-font-entypo-fontello avia-iconfont avia-font-entypo-fontello'><span class='av-icon-char' data-av_icon='' data-av_iconfont='entypo-fontello' aria-hidden=\"true\"><\/span><\/div><article class=\"article-icon-entry av-iconlist-empty\"  itemscope=\"itemscope\" itemtype=\"https:\/\/schema.org\/CreativeWork\" ><div class=\"iconlist_content_wrap\"><header class=\"entry-content-header\" aria-label=\"Icon: &lt;a href=&#039;http:\/\/www.davidcerny.cz\/startEN.html&#039; title=&#039;CV David \u010cern\u00fd&#039; target=&quot;_blank&quot;  rel=&quot;noopener noreferrer&quot;&gt;CV David \u010cern\u00fd&lt;\/a&gt;\"><h4 class='av_iconlist_title iconlist_title  av_inherit_color'  itemprop=\"headline\" ><a href='http:\/\/www.davidcerny.cz\/startEN.html' title='CV David \u010cern\u00fd' target=\"_blank\"  rel=\"noopener noreferrer\">CV David \u010cern\u00fd<\/a><\/h4><\/header><div class='iconlist_content av_inherit_color'  itemprop=\"text\" ><\/div><\/div><footer class=\"entry-footer\"><\/footer><\/article><div class=\"iconlist-timeline\"><\/div><\/li>\n<\/ul><\/div><\/p><\/div><\/div><\/div><\/main><!-- close content main element --><\/div><\/div><div id='av_section_2'  class='avia-section av-fmws1-7423f6072aa783ed97b519e025bcbc12 main_color avia-section-default avia-no-border-styling  avia-builder-el-9  el_after_av_section  avia-builder-el-last  avia-bg-style-scroll container_wrap sidebar_right'  ><div class='container av-section-cont-open' ><div class='template-page content  av-content-small alpha units'><div class='post-entry post-entry-type-page post-entry-153'><div class='entry-content-wrapper clearfix'>\n\n<style type=\"text\/css\" data-created_by=\"avia_inline_auto\" id=\"style-css-av-70qvt-8931522a2c79c8707391f9f8a0f07423\">\n#top .hr.hr-invisible.av-70qvt-8931522a2c79c8707391f9f8a0f07423{\nheight:150px;\n}\n<\/style>\n<div  class='hr av-70qvt-8931522a2c79c8707391f9f8a0f07423 hr-invisible  avia-builder-el-10  avia-builder-el-no-sibling '><span class='hr-inner '><span class=\"hr-inner-style\"><\/span><\/span><\/div>\n<\/div><\/div><\/div><!-- close content main div --><\/div><\/div><div id='after_section_2'  class='main_color av_default_container_wrap container_wrap sidebar_right'  ><div class='container av-section-cont-open' ><div class='template-page content  av-content-small alpha units'><div class='post-entry post-entry-type-page post-entry-153'><div class='entry-content-wrapper clearfix'><\/p>\n","protected":false},"excerpt":{"rendered":"","protected":false},"author":9,"featured_media":0,"parent":0,"menu_order":0,"comment_status":"closed","ping_status":"closed","template":"","meta":{"footnotes":""},"class_list":["post-153","page","type-page","status-publish","hentry"],"yoast_head":"<!-- This site is optimized with the Yoast SEO plugin v27.5 - https:\/\/yoast.com\/product\/yoast-seo-wordpress\/ -->\n<title>Man hanging Out 1997 - Art in Oisterwijk<\/title>\n<meta name=\"robots\" content=\"noindex, follow, max-snippet:-1, max-image-preview:large, max-video-preview:-1\" \/>\n<meta property=\"og:locale\" content=\"en_US\" \/>\n<meta property=\"og:type\" content=\"article\" \/>\n<meta property=\"og:title\" content=\"Man hanging Out 1997 - Art in Oisterwijk\" \/>\n<meta property=\"og:url\" content=\"https:\/\/www.artinoisterwijk.com\/en\/man-hanging-out-1997\/\" \/>\n<meta property=\"og:site_name\" content=\"Art in Oisterwijk\" \/>\n<meta property=\"article:modified_time\" content=\"2022-05-30T08:21:47+00:00\" \/>\n<meta name=\"twitter:card\" content=\"summary_large_image\" \/>\n<meta name=\"twitter:label1\" content=\"Est. reading time\" \/>\n\t<meta name=\"twitter:data1\" content=\"8 minutes\" \/>\n<script type=\"application\/ld+json\" class=\"yoast-schema-graph\">{\"@context\":\"https:\\\/\\\/schema.org\",\"@graph\":[{\"@type\":\"WebPage\",\"@id\":\"https:\\\/\\\/www.artinoisterwijk.com\\\/en\\\/man-hanging-out-1997\\\/\",\"url\":\"https:\\\/\\\/www.artinoisterwijk.com\\\/en\\\/man-hanging-out-1997\\\/\",\"name\":\"Man hanging Out 1997 - Art in Oisterwijk\",\"isPartOf\":{\"@id\":\"https:\\\/\\\/www.artinoisterwijk.com\\\/en\\\/#website\"},\"datePublished\":\"2022-05-27T14:52:45+00:00\",\"dateModified\":\"2022-05-30T08:21:47+00:00\",\"breadcrumb\":{\"@id\":\"https:\\\/\\\/www.artinoisterwijk.com\\\/en\\\/man-hanging-out-1997\\\/#breadcrumb\"},\"inLanguage\":\"en-US\",\"potentialAction\":[{\"@type\":\"ReadAction\",\"target\":[\"https:\\\/\\\/www.artinoisterwijk.com\\\/en\\\/man-hanging-out-1997\\\/\"]}]},{\"@type\":\"BreadcrumbList\",\"@id\":\"https:\\\/\\\/www.artinoisterwijk.com\\\/en\\\/man-hanging-out-1997\\\/#breadcrumb\",\"itemListElement\":[{\"@type\":\"ListItem\",\"position\":1,\"name\":\"Home\",\"item\":\"https:\\\/\\\/www.artinoisterwijk.com\\\/en\\\/\"},{\"@type\":\"ListItem\",\"position\":2,\"name\":\"Man hanging Out 1997\"}]},{\"@type\":\"WebSite\",\"@id\":\"https:\\\/\\\/www.artinoisterwijk.com\\\/en\\\/#website\",\"url\":\"https:\\\/\\\/www.artinoisterwijk.com\\\/en\\\/\",\"name\":\"Art in Oisterwijk\",\"description\":\"3 To 26 June 2022\",\"potentialAction\":[{\"@type\":\"SearchAction\",\"target\":{\"@type\":\"EntryPoint\",\"urlTemplate\":\"https:\\\/\\\/www.artinoisterwijk.com\\\/en\\\/?s={search_term_string}\"},\"query-input\":{\"@type\":\"PropertyValueSpecification\",\"valueRequired\":true,\"valueName\":\"search_term_string\"}}],\"inLanguage\":\"en-US\"}]}<\/script>\n<!-- \/ Yoast SEO plugin. -->","yoast_head_json":{"title":"Man hanging Out 1997 - Art in Oisterwijk","robots":{"index":"noindex","follow":"follow","max-snippet":"max-snippet:-1","max-image-preview":"max-image-preview:large","max-video-preview":"max-video-preview:-1"},"og_locale":"en_US","og_type":"article","og_title":"Man hanging Out 1997 - Art in Oisterwijk","og_url":"https:\/\/www.artinoisterwijk.com\/en\/man-hanging-out-1997\/","og_site_name":"Art in Oisterwijk","article_modified_time":"2022-05-30T08:21:47+00:00","twitter_card":"summary_large_image","twitter_misc":{"Est. reading time":"8 minutes"},"schema":{"@context":"https:\/\/schema.org","@graph":[{"@type":"WebPage","@id":"https:\/\/www.artinoisterwijk.com\/en\/man-hanging-out-1997\/","url":"https:\/\/www.artinoisterwijk.com\/en\/man-hanging-out-1997\/","name":"Man hanging Out 1997 - Art in Oisterwijk","isPartOf":{"@id":"https:\/\/www.artinoisterwijk.com\/en\/#website"},"datePublished":"2022-05-27T14:52:45+00:00","dateModified":"2022-05-30T08:21:47+00:00","breadcrumb":{"@id":"https:\/\/www.artinoisterwijk.com\/en\/man-hanging-out-1997\/#breadcrumb"},"inLanguage":"en-US","potentialAction":[{"@type":"ReadAction","target":["https:\/\/www.artinoisterwijk.com\/en\/man-hanging-out-1997\/"]}]},{"@type":"BreadcrumbList","@id":"https:\/\/www.artinoisterwijk.com\/en\/man-hanging-out-1997\/#breadcrumb","itemListElement":[{"@type":"ListItem","position":1,"name":"Home","item":"https:\/\/www.artinoisterwijk.com\/en\/"},{"@type":"ListItem","position":2,"name":"Man hanging Out 1997"}]},{"@type":"WebSite","@id":"https:\/\/www.artinoisterwijk.com\/en\/#website","url":"https:\/\/www.artinoisterwijk.com\/en\/","name":"Art in Oisterwijk","description":"3 To 26 June 2022","potentialAction":[{"@type":"SearchAction","target":{"@type":"EntryPoint","urlTemplate":"https:\/\/www.artinoisterwijk.com\/en\/?s={search_term_string}"},"query-input":{"@type":"PropertyValueSpecification","valueRequired":true,"valueName":"search_term_string"}}],"inLanguage":"en-US"}]}},"_links":{"self":[{"href":"https:\/\/www.artinoisterwijk.com\/en\/wp-json\/wp\/v2\/pages\/153","targetHints":{"allow":["GET"]}}],"collection":[{"href":"https:\/\/www.artinoisterwijk.com\/en\/wp-json\/wp\/v2\/pages"}],"about":[{"href":"https:\/\/www.artinoisterwijk.com\/en\/wp-json\/wp\/v2\/types\/page"}],"author":[{"embeddable":true,"href":"https:\/\/www.artinoisterwijk.com\/en\/wp-json\/wp\/v2\/users\/9"}],"replies":[{"embeddable":true,"href":"https:\/\/www.artinoisterwijk.com\/en\/wp-json\/wp\/v2\/comments?post=153"}],"version-history":[{"count":6,"href":"https:\/\/www.artinoisterwijk.com\/en\/wp-json\/wp\/v2\/pages\/153\/revisions"}],"predecessor-version":[{"id":538,"href":"https:\/\/www.artinoisterwijk.com\/en\/wp-json\/wp\/v2\/pages\/153\/revisions\/538"}],"wp:attachment":[{"href":"https:\/\/www.artinoisterwijk.com\/en\/wp-json\/wp\/v2\/media?parent=153"}],"curies":[{"name":"wp","href":"https:\/\/api.w.org\/{rel}","templated":true}]}}