{"id":155,"date":"2022-05-27T14:56:10","date_gmt":"2022-05-27T14:56:10","guid":{"rendered":"https:\/\/www.artinoisterwijk.com\/en\/?page_id=155"},"modified":"2022-05-30T08:22:41","modified_gmt":"2022-05-30T08:22:41","slug":"thinker-2013","status":"publish","type":"page","link":"https:\/\/www.artinoisterwijk.com\/en\/thinker-2013\/","title":{"rendered":"Thinker 2013"},"content":{"rendered":"<div id='av_section_1'  class='avia-section av-212olf-c587f52c26c6d51971d17072de78af6b main_color avia-section-default avia-no-border-styling  avia-builder-el-0  el_before_av_section  avia-builder-el-first  kj-kunstenaars avia-bg-style-scroll container_wrap sidebar_right'  ><div class='container av-section-cont-open' ><main  role=\"main\" itemprop=\"mainContentOfPage\"  class='template-page content  av-content-small alpha units'><div class='post-entry post-entry-type-page post-entry-155'><div class='entry-content-wrapper clearfix'>\n\n<style type=\"text\/css\" data-created_by=\"avia_inline_auto\" id=\"style-css-av-1x734r-184e8e1d4ca3e447a3c59fd346e88c39\">\n#top .hr.hr-invisible.av-1x734r-184e8e1d4ca3e447a3c59fd346e88c39{\nheight:50px;\n}\n<\/style>\n<div  class='hr av-1x734r-184e8e1d4ca3e447a3c59fd346e88c39 hr-invisible  avia-builder-el-1  el_before_av_three_fifth  avia-builder-el-first '><span class='hr-inner '><span class=\"hr-inner-style\"><\/span><\/span><\/div>\n<div  class='flex_column av-1prymb-aa7403582d8f85fd8482d62180a8911d av_three_fifth  avia-builder-el-2  el_after_av_hr  el_before_av_two_fifth  first flex_column_div av-animated-generic bottom-to-top  '     ><style type=\"text\/css\" data-created_by=\"avia_inline_auto\" id=\"style-css-av-1ll7x7-365ad03f0b853b1e3d40799a46c37f3f\">\n.avia-image-container.av-1ll7x7-365ad03f0b853b1e3d40799a46c37f3f img.avia_image{\nbox-shadow:none;\n}\n.avia-image-container.av-1ll7x7-365ad03f0b853b1e3d40799a46c37f3f .av-image-caption-overlay-center{\ncolor:#ffffff;\n}\n<\/style>\n<div  class='avia-image-container av-1ll7x7-365ad03f0b853b1e3d40799a46c37f3f av-styling-no-styling avia-align-left  avia-builder-el-3  avia-builder-el-no-sibling  kj-img-border-bottom-left'   itemprop=\"image\" itemscope=\"itemscope\" itemtype=\"https:\/\/schema.org\/ImageObject\" ><div class=\"avia-image-container-inner\"><div class=\"avia-image-overlay-wrap\"><img decoding=\"async\" fetchpriority=\"high\" class='wp-image-434 avia-img-lazy-loading-not-434 avia_image ' src=\"https:\/\/www.artinoisterwijk.com\/en\/wp-content\/uploads\/sites\/2\/2022\/05\/Schermafbeelding-2022-05-29-om-16.11.41-682x1030.png\" alt='' title='Schermafbeelding 2022-05-29 om 16.11.41'  height=\"1030\" width=\"682\"  itemprop=\"thumbnailUrl\" srcset=\"https:\/\/www.artinoisterwijk.com\/en\/wp-content\/uploads\/sites\/2\/2022\/05\/Schermafbeelding-2022-05-29-om-16.11.41-682x1030.png 682w, https:\/\/www.artinoisterwijk.com\/en\/wp-content\/uploads\/sites\/2\/2022\/05\/Schermafbeelding-2022-05-29-om-16.11.41-199x300.png 199w, https:\/\/www.artinoisterwijk.com\/en\/wp-content\/uploads\/sites\/2\/2022\/05\/Schermafbeelding-2022-05-29-om-16.11.41-768x1159.png 768w, https:\/\/www.artinoisterwijk.com\/en\/wp-content\/uploads\/sites\/2\/2022\/05\/Schermafbeelding-2022-05-29-om-16.11.41-467x705.png 467w, https:\/\/www.artinoisterwijk.com\/en\/wp-content\/uploads\/sites\/2\/2022\/05\/Schermafbeelding-2022-05-29-om-16.11.41.png 934w\" sizes=\"(max-width: 682px) 100vw, 682px\" \/><\/div><\/div><\/div><\/div>\n<style type=\"text\/css\" data-created_by=\"avia_inline_auto\" id=\"style-css-av-1ce80z-d292d4fd78e6dac207654dc6bae1df20\">\n.flex_column.av-1ce80z-d292d4fd78e6dac207654dc6bae1df20{\npadding:25px 25px 25px 25px;\nbackground-color:#ffffff;\n}\n<\/style>\n<div  class='flex_column av-1ce80z-d292d4fd78e6dac207654dc6bae1df20 av_two_fifth  avia-builder-el-4  el_after_av_three_fifth  avia-builder-el-last  flex_column_div av-animated-generic bottom-to-top  '     ><section  class='av_textblock_section av-l3a7ss5u-a1dc3c3d6f8973488809d25ff5c2766f '   itemscope=\"itemscope\" itemtype=\"https:\/\/schema.org\/CreativeWork\" ><div class='avia_textblock'  itemprop=\"text\" ><h1>Thinker 2013<\/h1>\n<\/div><\/section><br \/>\n\n<style type=\"text\/css\" data-created_by=\"avia_inline_auto\" id=\"style-css-av-1avws3-562f92cf3161034706316b4a6984cc01\">\n#top .av_textblock_section.av-1avws3-562f92cf3161034706316b4a6984cc01 .avia_textblock{\nfont-size:30px;\ncolor:#000000;\n}\n<\/style>\n<section  class='av_textblock_section av-1avws3-562f92cf3161034706316b4a6984cc01 '   itemscope=\"itemscope\" itemtype=\"https:\/\/schema.org\/CreativeWork\" ><div class='avia_textblock kj-uitgelicht av_inherit_color'  itemprop=\"text\" ><h3><b>David \u010cern\u00fd<\/b><\/h3>\n<\/div><\/section><br \/>\n\n<style type=\"text\/css\" data-created_by=\"avia_inline_auto\" id=\"style-css-av-14t5s3-d162cf6d5763ca916018b5184a8a38f8\">\n#top .av_textblock_section.av-14t5s3-d162cf6d5763ca916018b5184a8a38f8 .avia_textblock{\ncolor:#333333;\n}\n<\/style>\n<section  class='av_textblock_section av-14t5s3-d162cf6d5763ca916018b5184a8a38f8 '   itemscope=\"itemscope\" itemtype=\"https:\/\/schema.org\/CreativeWork\" ><div class='avia_textblock av_inherit_color'  itemprop=\"text\" ><p style=\"font-weight: 400;\"><em>stainless steel<\/em><\/p>\n<p style=\"font-weight: 400;\">As with the image &#8216;Man Hanging Out&#8217;, David \u010cern\u00fd forces us to reflect and think about the meaning of brainpower and politics. Apparently, it is a serene image, yet the mysticism radiating from its chaotic- minded-head makes this work so appealing. Within the theme &#8216;Talk to Me&#8217;, this work definitely calls for conversation. With this sculpture \u010cern\u00fd makes you look at the absurdity of our daily existence. He knows better than anyone that art has the ability to communicate with people.<\/p>\n<\/div><\/section><br \/>\n\n<style type=\"text\/css\" data-created_by=\"avia_inline_auto\" id=\"style-css-av-y306r-5569f231372202ec2cacc3176109c437\">\n#top .avia-icon-list-container.av-y306r-5569f231372202ec2cacc3176109c437 .iconlist_icon{\ncolor:#ffffff;\nbackground-color:#eb008b;\n}\n#top .avia-icon-list-container.av-y306r-5569f231372202ec2cacc3176109c437 .iconlist_icon svg:first-child{\nstroke:#ffffff;\nfill:#ffffff;\n}\n#top #wrap_all .avia-icon-list-container.av-y306r-5569f231372202ec2cacc3176109c437 .av_iconlist_title{\nfont-size:18px;\ncolor:#333333;\n}\n.avia-icon-list-container.av-y306r-5569f231372202ec2cacc3176109c437 .iconlist_content{\ncolor:#333333;\n}\n<\/style>\n<div  class='avia-icon-list-container av-y306r-5569f231372202ec2cacc3176109c437  avia-builder-el-8  el_after_av_textblock  avia-builder-el-last '><ul class='avia-icon-list avia_animate_when_almost_visible avia-icon-list-left av-iconlist-big av-y306r-5569f231372202ec2cacc3176109c437 avia-iconlist-animate'>\n<li><div class='iconlist_icon av-omgxf-09908a271ba3bcae1de9c14ae0a36fdc avia-font-entypo-fontello avia-iconfont avia-font-entypo-fontello'><span class='av-icon-char' data-av_icon='\ue842' data-av_iconfont='entypo-fontello' aria-hidden=\"true\"><\/span><\/div><article class=\"article-icon-entry av-iconlist-empty\"  itemscope=\"itemscope\" itemtype=\"https:\/\/schema.org\/CreativeWork\" ><div class=\"iconlist_content_wrap\"><header class=\"entry-content-header\" aria-label=\"Icon: CZ\"><h4 class='av_iconlist_title iconlist_title  av_inherit_color'  itemprop=\"headline\" >CZ<\/h4><\/header><div class='iconlist_content av_inherit_color'  itemprop=\"text\" ><\/div><\/div><footer class=\"entry-footer\"><\/footer><\/article><div class=\"iconlist-timeline\"><\/div><\/li>\n<li><div class='iconlist_icon av-m17ob-4c76d025d5b3730f659e495d4f3118e5 avia-font-entypo-fontello avia-iconfont avia-font-entypo-fontello'><span class='av-icon-char' data-av_icon='' data-av_iconfont='entypo-fontello' aria-hidden=\"true\"><\/span><\/div><article class=\"article-icon-entry av-iconlist-empty\"  itemscope=\"itemscope\" itemtype=\"https:\/\/schema.org\/CreativeWork\" ><div class=\"iconlist_content_wrap\"><header class=\"entry-content-header\" aria-label=\"Icon: &lt;a href=&#039;http:\/\/www.davidcerny.cz\/startEN.html&#039; title=&#039;CV David \u010cern\u00fd &#039; target=&quot;_blank&quot;  rel=&quot;noopener noreferrer&quot;&gt;CV David \u010cern\u00fd &lt;\/a&gt;\"><h4 class='av_iconlist_title iconlist_title  av_inherit_color'  itemprop=\"headline\" ><a href='http:\/\/www.davidcerny.cz\/startEN.html' title='CV David \u010cern\u00fd ' target=\"_blank\"  rel=\"noopener noreferrer\">CV David \u010cern\u00fd <\/a><\/h4><\/header><div class='iconlist_content av_inherit_color'  itemprop=\"text\" ><\/div><\/div><footer class=\"entry-footer\"><\/footer><\/article><div class=\"iconlist-timeline\"><\/div><\/li>\n<\/ul><\/div><\/p><\/div><\/div><\/div><\/main><!-- close content main element --><\/div><\/div><div id='av_section_2'  class='avia-section av-clweb-adfb9d1ad251d090662e8fd60e29cdf9 main_color avia-section-default avia-no-border-styling  avia-builder-el-9  el_after_av_section  avia-builder-el-last  avia-bg-style-scroll container_wrap sidebar_right'  ><div class='container av-section-cont-open' ><div class='template-page content  av-content-small alpha units'><div class='post-entry post-entry-type-page post-entry-155'><div class='entry-content-wrapper clearfix'>\n\n<style type=\"text\/css\" data-created_by=\"avia_inline_auto\" id=\"style-css-av-96cv7-d5029edfdbd50a310c76ba24e76ad16e\">\n#top .hr.hr-invisible.av-96cv7-d5029edfdbd50a310c76ba24e76ad16e{\nheight:150px;\n}\n<\/style>\n<div  class='hr av-96cv7-d5029edfdbd50a310c76ba24e76ad16e hr-invisible  avia-builder-el-10  avia-builder-el-no-sibling '><span class='hr-inner '><span class=\"hr-inner-style\"><\/span><\/span><\/div>\n<\/div><\/div><\/div><!-- close content main div --><\/div><\/div><div id='after_section_2'  class='main_color av_default_container_wrap container_wrap sidebar_right'  ><div class='container av-section-cont-open' ><div class='template-page content  av-content-small alpha units'><div class='post-entry post-entry-type-page post-entry-155'><div class='entry-content-wrapper clearfix'><\/p>\n","protected":false},"excerpt":{"rendered":"","protected":false},"author":9,"featured_media":0,"parent":0,"menu_order":0,"comment_status":"closed","ping_status":"closed","template":"","meta":{"footnotes":""},"class_list":["post-155","page","type-page","status-publish","hentry"],"yoast_head":"<!-- This site is optimized with the Yoast SEO plugin v27.5 - https:\/\/yoast.com\/product\/yoast-seo-wordpress\/ -->\n<title>Thinker 2013 - Art in Oisterwijk<\/title>\n<meta name=\"robots\" content=\"noindex, follow, max-snippet:-1, max-image-preview:large, max-video-preview:-1\" \/>\n<meta property=\"og:locale\" content=\"en_US\" \/>\n<meta property=\"og:type\" content=\"article\" \/>\n<meta property=\"og:title\" content=\"Thinker 2013 - Art in Oisterwijk\" \/>\n<meta property=\"og:url\" content=\"https:\/\/www.artinoisterwijk.com\/en\/thinker-2013\/\" \/>\n<meta property=\"og:site_name\" content=\"Art in Oisterwijk\" \/>\n<meta property=\"article:modified_time\" content=\"2022-05-30T08:22:41+00:00\" \/>\n<meta name=\"twitter:card\" content=\"summary_large_image\" \/>\n<meta name=\"twitter:label1\" content=\"Est. reading time\" \/>\n\t<meta name=\"twitter:data1\" content=\"8 minutes\" \/>\n<script type=\"application\/ld+json\" class=\"yoast-schema-graph\">{\"@context\":\"https:\\\/\\\/schema.org\",\"@graph\":[{\"@type\":\"WebPage\",\"@id\":\"https:\\\/\\\/www.artinoisterwijk.com\\\/en\\\/thinker-2013\\\/\",\"url\":\"https:\\\/\\\/www.artinoisterwijk.com\\\/en\\\/thinker-2013\\\/\",\"name\":\"Thinker 2013 - Art in Oisterwijk\",\"isPartOf\":{\"@id\":\"https:\\\/\\\/www.artinoisterwijk.com\\\/en\\\/#website\"},\"datePublished\":\"2022-05-27T14:56:10+00:00\",\"dateModified\":\"2022-05-30T08:22:41+00:00\",\"breadcrumb\":{\"@id\":\"https:\\\/\\\/www.artinoisterwijk.com\\\/en\\\/thinker-2013\\\/#breadcrumb\"},\"inLanguage\":\"en-US\",\"potentialAction\":[{\"@type\":\"ReadAction\",\"target\":[\"https:\\\/\\\/www.artinoisterwijk.com\\\/en\\\/thinker-2013\\\/\"]}]},{\"@type\":\"BreadcrumbList\",\"@id\":\"https:\\\/\\\/www.artinoisterwijk.com\\\/en\\\/thinker-2013\\\/#breadcrumb\",\"itemListElement\":[{\"@type\":\"ListItem\",\"position\":1,\"name\":\"Home\",\"item\":\"https:\\\/\\\/www.artinoisterwijk.com\\\/en\\\/\"},{\"@type\":\"ListItem\",\"position\":2,\"name\":\"Thinker 2013\"}]},{\"@type\":\"WebSite\",\"@id\":\"https:\\\/\\\/www.artinoisterwijk.com\\\/en\\\/#website\",\"url\":\"https:\\\/\\\/www.artinoisterwijk.com\\\/en\\\/\",\"name\":\"Art in Oisterwijk\",\"description\":\"3 To 26 June 2022\",\"potentialAction\":[{\"@type\":\"SearchAction\",\"target\":{\"@type\":\"EntryPoint\",\"urlTemplate\":\"https:\\\/\\\/www.artinoisterwijk.com\\\/en\\\/?s={search_term_string}\"},\"query-input\":{\"@type\":\"PropertyValueSpecification\",\"valueRequired\":true,\"valueName\":\"search_term_string\"}}],\"inLanguage\":\"en-US\"}]}<\/script>\n<!-- \/ Yoast SEO plugin. -->","yoast_head_json":{"title":"Thinker 2013 - Art in Oisterwijk","robots":{"index":"noindex","follow":"follow","max-snippet":"max-snippet:-1","max-image-preview":"max-image-preview:large","max-video-preview":"max-video-preview:-1"},"og_locale":"en_US","og_type":"article","og_title":"Thinker 2013 - Art in Oisterwijk","og_url":"https:\/\/www.artinoisterwijk.com\/en\/thinker-2013\/","og_site_name":"Art in Oisterwijk","article_modified_time":"2022-05-30T08:22:41+00:00","twitter_card":"summary_large_image","twitter_misc":{"Est. reading time":"8 minutes"},"schema":{"@context":"https:\/\/schema.org","@graph":[{"@type":"WebPage","@id":"https:\/\/www.artinoisterwijk.com\/en\/thinker-2013\/","url":"https:\/\/www.artinoisterwijk.com\/en\/thinker-2013\/","name":"Thinker 2013 - Art in Oisterwijk","isPartOf":{"@id":"https:\/\/www.artinoisterwijk.com\/en\/#website"},"datePublished":"2022-05-27T14:56:10+00:00","dateModified":"2022-05-30T08:22:41+00:00","breadcrumb":{"@id":"https:\/\/www.artinoisterwijk.com\/en\/thinker-2013\/#breadcrumb"},"inLanguage":"en-US","potentialAction":[{"@type":"ReadAction","target":["https:\/\/www.artinoisterwijk.com\/en\/thinker-2013\/"]}]},{"@type":"BreadcrumbList","@id":"https:\/\/www.artinoisterwijk.com\/en\/thinker-2013\/#breadcrumb","itemListElement":[{"@type":"ListItem","position":1,"name":"Home","item":"https:\/\/www.artinoisterwijk.com\/en\/"},{"@type":"ListItem","position":2,"name":"Thinker 2013"}]},{"@type":"WebSite","@id":"https:\/\/www.artinoisterwijk.com\/en\/#website","url":"https:\/\/www.artinoisterwijk.com\/en\/","name":"Art in Oisterwijk","description":"3 To 26 June 2022","potentialAction":[{"@type":"SearchAction","target":{"@type":"EntryPoint","urlTemplate":"https:\/\/www.artinoisterwijk.com\/en\/?s={search_term_string}"},"query-input":{"@type":"PropertyValueSpecification","valueRequired":true,"valueName":"search_term_string"}}],"inLanguage":"en-US"}]}},"_links":{"self":[{"href":"https:\/\/www.artinoisterwijk.com\/en\/wp-json\/wp\/v2\/pages\/155","targetHints":{"allow":["GET"]}}],"collection":[{"href":"https:\/\/www.artinoisterwijk.com\/en\/wp-json\/wp\/v2\/pages"}],"about":[{"href":"https:\/\/www.artinoisterwijk.com\/en\/wp-json\/wp\/v2\/types\/page"}],"author":[{"embeddable":true,"href":"https:\/\/www.artinoisterwijk.com\/en\/wp-json\/wp\/v2\/users\/9"}],"replies":[{"embeddable":true,"href":"https:\/\/www.artinoisterwijk.com\/en\/wp-json\/wp\/v2\/comments?post=155"}],"version-history":[{"count":6,"href":"https:\/\/www.artinoisterwijk.com\/en\/wp-json\/wp\/v2\/pages\/155\/revisions"}],"predecessor-version":[{"id":542,"href":"https:\/\/www.artinoisterwijk.com\/en\/wp-json\/wp\/v2\/pages\/155\/revisions\/542"}],"wp:attachment":[{"href":"https:\/\/www.artinoisterwijk.com\/en\/wp-json\/wp\/v2\/media?parent=155"}],"curies":[{"name":"wp","href":"https:\/\/api.w.org\/{rel}","templated":true}]}}